{"id":17,"date":"2020-11-24T13:06:39","date_gmt":"2020-11-24T13:06:39","guid":{"rendered":"https:\/\/test.jepvenezuela.com\/museo-de-la-memoria-y-la-represion\/?page_id=17"},"modified":"2020-12-11T15:10:31","modified_gmt":"2020-12-11T15:10:31","slug":"sala-2014-2015","status":"publish","type":"page","link":"https:\/\/www.jepvenezuela.com\/museo-de-la-memoria-y-la-represion\/sala-2014-2015\/","title":{"rendered":"Sala 2014-2015"},"content":{"rendered":"\n<h5>La ola de protestas registrada a partir del 12 de febrero comenz\u00f3 con la exigencia del derecho a la seguridad ciudadana y rechazo a los altos \u00edndices de criminalidad y violencia en las universidades. En las semanas siguientes las demandas fueron ampli\u00e1ndose a otros derechos como alimentaci\u00f3n, participaci\u00f3n pol\u00edtica, derecho a la vida, a la libertad e integridad&nbsp; personal y a libertad de expresi\u00f3n. Destacamos que los participantes de estas manifestaciones reflejaron una postura o planteamiento com\u00fan y articulador en sus acciones: rechazo al presidente Nicol\u00e1s Maduro, a su equipo de gobierno y a las pr\u00e1cticas represivas implementadas durante estos meses.<\/h5>\n\n\n\n<div style=\"height:100px\" aria-hidden=\"true\" class=\"wp-block-spacer\"><\/div>\n\n\n\n<figure class=\"wp-block-gallery columns-1 is-cropped wp-block-gallery-1 is-layout-flex wp-block-gallery-is-layout-flex\"><ul class=\"blocks-gallery-grid\"><li class=\"blocks-gallery-item\"><figure><img fetchpriority=\"high\" decoding=\"async\" width=\"1920\" height=\"1080\" src=\"https:\/\/www.jepvenezuela.com\/museo-de-la-memoria-y-la-represion\/wp-content\/uploads\/sites\/2\/2020\/12\/8-min.jpg\" alt=\"\" data-id=\"255\" class=\"wp-image-255\" srcset=\"https:\/\/www.jepvenezuela.com\/museo-de-la-memoria-y-la-represion\/wp-content\/uploads\/sites\/2\/2020\/12\/8-min.jpg 1920w, https:\/\/www.jepvenezuela.com\/museo-de-la-memoria-y-la-represion\/wp-content\/uploads\/sites\/2\/2020\/12\/8-min-825x464.jpg 825w, https:\/\/www.jepvenezuela.com\/museo-de-la-memoria-y-la-represion\/wp-content\/uploads\/sites\/2\/2020\/12\/8-min-1536x864.jpg 1536w\" sizes=\"(max-width: 1920px) 100vw, 1920px\" \/><figcaption class=\"blocks-gallery-item__caption\"><br><\/figcaption><\/figure><\/li><\/ul><figcaption class=\"blocks-gallery-caption\"><strong>Foto cortes\u00eda Francisco Touceiro<\/strong><br><\/figcaption><\/figure>\n\n\n\n<div style=\"height:100px\" aria-hidden=\"true\" class=\"wp-block-spacer\"><\/div>\n\n\n\n\n\n<h5>La modalidad de protesta m\u00e1s empleada en este per\u00edodo fue el cierre de calles y v\u00edas, seguido por concentraciones, marchas y cacerolazos, destacando una gran cantidad de personas en las acciones de calle. Tambi\u00e9n se registraron numerosas protestas creativas y un uso permanente de las redes sociales electr\u00f3nicas para difundir y promover las protestas y tambi\u00e9n el uso de estas redes para reportar y difundir el desarrollo de las mismas.<\/h5>\n\n\n\n<div style=\"height:100px\" aria-hidden=\"true\" class=\"wp-block-spacer\"><\/div>\n\n\n\n<figure class=\"wp-block-gallery columns-1 is-cropped wp-block-gallery-2 is-layout-flex wp-block-gallery-is-layout-flex\"><ul class=\"blocks-gallery-grid\"><li class=\"blocks-gallery-item\"><figure><img decoding=\"async\" width=\"1920\" height=\"1080\" src=\"https:\/\/www.jepvenezuela.com\/museo-de-la-memoria-y-la-represion\/wp-content\/uploads\/sites\/2\/2020\/12\/banner-museo-1-min-1.jpg\" alt=\"\" data-id=\"259\" class=\"wp-image-259\" srcset=\"https:\/\/www.jepvenezuela.com\/museo-de-la-memoria-y-la-represion\/wp-content\/uploads\/sites\/2\/2020\/12\/banner-museo-1-min-1.jpg 1920w, https:\/\/www.jepvenezuela.com\/museo-de-la-memoria-y-la-represion\/wp-content\/uploads\/sites\/2\/2020\/12\/banner-museo-1-min-1-825x464.jpg 825w, https:\/\/www.jepvenezuela.com\/museo-de-la-memoria-y-la-represion\/wp-content\/uploads\/sites\/2\/2020\/12\/banner-museo-1-min-1-1536x864.jpg 1536w\" sizes=\"(max-width: 1920px) 100vw, 1920px\" \/><\/figure><\/li><\/ul><figcaption class=\"blocks-gallery-caption\"><strong>Foto cortes\u00eda Francisco Touceiro<\/strong><\/figcaption><\/figure>\n\n\n\n<div style=\"height:100px\" aria-hidden=\"true\" class=\"wp-block-spacer\"><\/div>\n\n\n\n<h5>El r\u00e9gimen venezolano respondi\u00f3 a las movilizaciones pac\u00edficas con un discurso de descalificaci\u00f3n, pr\u00e1cticas sistem\u00e1ticas de represi\u00f3n, militarizaci\u00f3n de algunas ciudades y criminalizaci\u00f3n de la protesta. Esta situaci\u00f3n promovi\u00f3 una escalada del conflicto con resultados lamentables en todo el pa\u00eds.<\/h5>\n\n\n\n<div style=\"height:100px\" aria-hidden=\"true\" class=\"wp-block-spacer\"><\/div>\n\n\n\n<figure class=\"wp-block-gallery columns-1 is-cropped wp-block-gallery-3 is-layout-flex wp-block-gallery-is-layout-flex\"><ul class=\"blocks-gallery-grid\"><li class=\"blocks-gallery-item\"><figure><img decoding=\"async\" width=\"1920\" height=\"1080\" src=\"https:\/\/www.jepvenezuela.com\/museo-de-la-memoria-y-la-represion\/wp-content\/uploads\/sites\/2\/2020\/12\/banner-museo-1-min.jpg\" alt=\"\" data-id=\"251\" class=\"wp-image-251\" srcset=\"https:\/\/www.jepvenezuela.com\/museo-de-la-memoria-y-la-represion\/wp-content\/uploads\/sites\/2\/2020\/12\/banner-museo-1-min.jpg 1920w, https:\/\/www.jepvenezuela.com\/museo-de-la-memoria-y-la-represion\/wp-content\/uploads\/sites\/2\/2020\/12\/banner-museo-1-min-825x464.jpg 825w, https:\/\/www.jepvenezuela.com\/museo-de-la-memoria-y-la-represion\/wp-content\/uploads\/sites\/2\/2020\/12\/banner-museo-1-min-1536x864.jpg 1536w\" sizes=\"(max-width: 1920px) 100vw, 1920px\" \/><\/figure><\/li><\/ul><figcaption class=\"blocks-gallery-caption\"><strong>Foto cortes\u00eda Francisco Touceiro<\/strong><\/figcaption><\/figure>\n\n\n\n<div style=\"height:100px\" aria-hidden=\"true\" class=\"wp-block-spacer\"><\/div>\n\n\n\n<h4>La violencia y represi\u00f3n hacia manifestantes alcanz\u00f3 cifras in\u00e9ditas en la historia venezolana, 43 muertos y m\u00e1s de 800 heridos, solo comparable con los sucesos del Caracazo de 1989.<\/h4>\n\n\n\n<div style=\"height:100px\" aria-hidden=\"true\" class=\"wp-block-spacer\"><\/div>\n\n\n\n<figure class=\"wp-block-gallery columns-1 is-cropped wp-block-gallery-4 is-layout-flex wp-block-gallery-is-layout-flex\"><ul class=\"blocks-gallery-grid\"><li class=\"blocks-gallery-item\"><figure><img loading=\"lazy\" decoding=\"async\" width=\"1920\" height=\"1080\" src=\"https:\/\/www.jepvenezuela.com\/museo-de-la-memoria-y-la-represion\/wp-content\/uploads\/sites\/2\/2020\/12\/3-min.jpg\" alt=\"\" data-id=\"257\" data-full-url=\"https:\/\/www.jepvenezuela.com\/museo-de-la-memoria-y-la-represion\/wp-content\/uploads\/sites\/2\/2020\/12\/3-min.jpg\" data-link=\"https:\/\/test.jepvenezuela.com\/museo-de-la-memoria-y-la-represion\/sala-2014-2015-2\/3-min\/\" class=\"wp-image-257\" srcset=\"https:\/\/www.jepvenezuela.com\/museo-de-la-memoria-y-la-represion\/wp-content\/uploads\/sites\/2\/2020\/12\/3-min.jpg 1920w, https:\/\/www.jepvenezuela.com\/museo-de-la-memoria-y-la-represion\/wp-content\/uploads\/sites\/2\/2020\/12\/3-min-825x464.jpg 825w, https:\/\/www.jepvenezuela.com\/museo-de-la-memoria-y-la-represion\/wp-content\/uploads\/sites\/2\/2020\/12\/3-min-1536x864.jpg 1536w\" sizes=\"(max-width: 1920px) 100vw, 1920px\" \/><\/figure><\/li><\/ul><figcaption class=\"blocks-gallery-caption\"><br><strong>Foto cortes\u00eda Francisco Touceiro<\/strong><\/figcaption><\/figure>\n\n\n\n<div style=\"height:100px\" aria-hidden=\"true\" class=\"wp-block-spacer\"><\/div>\n\n\n<div class=\"listados\"><h2 class=\"listtitu\"> Lista de Ca\u00eddos en 2014-2015<\/h2><ul class=\"listgrup\"><li><a href=\"https:\/\/www.jepvenezuela.com\/museo-de-la-memoria-y-la-represion\/caidos\/adriana-gissel-urquiola-perez\/\">Adriana Gissel Urquiola P\u00e9rez<\/a><\/li><li><a href=\"https:\/\/www.jepvenezuela.com\/museo-de-la-memoria-y-la-represion\/caidos\/anthony-rojas\/\">Anthony Rojas<\/a><\/li><li><a href=\"https:\/\/www.jepvenezuela.com\/museo-de-la-memoria-y-la-represion\/caidos\/argenis-de-jesus-hernandez-moreno\/\">Argenis De Jes\u00fas Hern\u00e1ndez Moreno<\/a><\/li><li><a href=\"https:\/\/www.jepvenezuela.com\/museo-de-la-memoria-y-la-represion\/caidos\/bassil-alejandro-da-costa\/\">Bassil Alejandro Da Costa<\/a><\/li><li><a href=\"https:\/\/www.jepvenezuela.com\/museo-de-la-memoria-y-la-represion\/caidos\/edicson-olivo-daniel-tinoco-carrillo\/\">Edicson Olivo Daniel Tinoco Carrillo<\/a><\/li><li><a href=\"https:\/\/www.jepvenezuela.com\/museo-de-la-memoria-y-la-represion\/caidos\/genesis-cristina-carmona-tovar\/\">G\u00e9nesis Cristina Carmona Tovar<\/a><\/li><li><a href=\"https:\/\/www.jepvenezuela.com\/museo-de-la-memoria-y-la-represion\/caidos\/geraldin-moreno-orozco\/\">Geraldin Moreno Orozco<\/a><\/li><li><a href=\"https:\/\/www.jepvenezuela.com\/museo-de-la-memoria-y-la-represion\/caidos\/guillermo-alfonso-sanchez-velasquez\/\">Guillermo Alfonso S\u00e1nchez Vel\u00e1squez<\/a><\/li><li><a href=\"https:\/\/www.jepvenezuela.com\/museo-de-la-memoria-y-la-represion\/caidos\/jesus-enrique-acosta-matute\/\">Jes\u00fas Enrique Acosta Matute<\/a><\/li><li><a href=\"https:\/\/www.jepvenezuela.com\/museo-de-la-memoria-y-la-represion\/caidos\/jimmy-erwill-vargas-gonzalez\/\">Jimmy Erwill Vargas Gonz\u00e1lez<\/a><\/li><li><a href=\"https:\/\/www.jepvenezuela.com\/museo-de-la-memoria-y-la-represion\/caidos\/jose-alejandro-marquez-fagundez\/\">Jos\u00e9 Alejandro M\u00e1rquez Fagundez<\/a><\/li><li><a href=\"https:\/\/www.jepvenezuela.com\/museo-de-la-memoria-y-la-represion\/caidos\/jose-ernesto-mendez-gomez\/\">Jos\u00e9 Ernesto M\u00e9ndez G\u00f3mez<\/a><\/li><li><a href=\"https:\/\/www.jepvenezuela.com\/museo-de-la-memoria-y-la-represion\/caidos\/josue-emmanuel-farias-sanchez\/\">Josu\u00e9 Emmanuel Far\u00edas S\u00e1nchez<\/a><\/li><li><a href=\"https:\/\/www.jepvenezuela.com\/museo-de-la-memoria-y-la-represion\/caidos\/juan-crisostomo-montoya-gonzalez\/\">Juan Cris\u00f3stomo Montoya Gonz\u00e1lez<\/a><\/li><li><a href=\"https:\/\/www.jepvenezuela.com\/museo-de-la-memoria-y-la-represion\/caidos\/kluiberth-ferney-roa-nunez\/\">Kluiberth Ferney Roa Nu\u00f1ez<\/a><\/li><li><a href=\"https:\/\/www.jepvenezuela.com\/museo-de-la-memoria-y-la-represion\/caidos\/mariana-del-carmen-ceballos-belisario\/\">Mariana del Carmen Ceballos Belisario<\/a><\/li><li><a href=\"https:\/\/www.jepvenezuela.com\/museo-de-la-memoria-y-la-represion\/caidos\/robert-jose-redman-orozco\/\">Robert Jos\u00e9 Redman Orozco<\/a><\/li><li><a href=\"https:\/\/www.jepvenezuela.com\/museo-de-la-memoria-y-la-represion\/caidos\/wilfredo-giovanny-rey-jaimes\/\">Wilfredo Giovanny Rey Jaimes<\/a><\/li><li><a href=\"https:\/\/www.jepvenezuela.com\/museo-de-la-memoria-y-la-represion\/caidos\/wilmer-juan-carballo-amaya\/\">Wilmer Juan Carballo Amaya<\/a><\/li><\/ul><\/div>\n","protected":false},"excerpt":{"rendered":"<p>Recordamos a las v\u00edctimas de la represi\u00f3n de este a\u00f1o y el contexto de las manifestaciones <\/p>\n","protected":false},"author":2,"featured_media":317,"parent":0,"menu_order":0,"comment_status":"closed","ping_status":"closed","template":"","meta":{"_acf_changed":false,"footnotes":""},"tags":[],"class_list":["post-17","page","type-page","status-publish","has-post-thumbnail","hentry"],"acf":[],"yoast_head":"<!-- This site is optimized with the Yoast SEO plugin v26.7 - https:\/\/yoast.com\/wordpress\/plugins\/seo\/ -->\n<title>Sala 2014-2015 - Museo de la Memoria y la Represi\u00f3n - JEP Venezuela<\/title>\n<meta name=\"robots\" content=\"index, follow, max-snippet:-1, max-image-preview:large, max-video-preview:-1\" \/>\n<link rel=\"canonical\" href=\"https:\/\/www.jepvenezuela.com\/museo-de-la-memoria-y-la-represion\/sala-2014-2015\/\" \/>\n<meta property=\"og:locale\" content=\"es_ES\" \/>\n<meta property=\"og:type\" content=\"article\" \/>\n<meta property=\"og:title\" content=\"Sala 2014-2015 - Museo de la Memoria y la Represi\u00f3n - JEP Venezuela\" \/>\n<meta property=\"og:description\" content=\"Recordamos a las v\u00edctimas de la represi\u00f3n de este a\u00f1o y el contexto de las manifestaciones\" \/>\n<meta property=\"og:url\" content=\"https:\/\/www.jepvenezuela.com\/museo-de-la-memoria-y-la-represion\/sala-2014-2015\/\" \/>\n<meta property=\"og:site_name\" content=\"Museo de la Memoria y la Represi\u00f3n - JEP Venezuela\" \/>\n<meta property=\"article:publisher\" content=\"https:\/\/www.facebook.com\/JEPVenezuela\" \/>\n<meta property=\"article:modified_time\" content=\"2020-12-11T15:10:31+00:00\" \/>\n<meta property=\"og:image\" content=\"https:\/\/www.jepvenezuela.com\/museo-de-la-memoria-y-la-represion\/wp-content\/uploads\/sites\/2\/2020\/12\/banner-sala-2014-2015.jpg\" \/>\n\t<meta property=\"og:image:width\" content=\"1920\" \/>\n\t<meta property=\"og:image:height\" content=\"1080\" \/>\n\t<meta property=\"og:image:type\" content=\"image\/jpeg\" \/>\n<meta name=\"twitter:card\" content=\"summary_large_image\" \/>\n<meta name=\"twitter:site\" content=\"@JEPvzla\" \/>\n<meta name=\"twitter:label1\" content=\"Tiempo de lectura\" \/>\n\t<meta name=\"twitter:data1\" content=\"1 minuto\" \/>\n<script type=\"application\/ld+json\" class=\"yoast-schema-graph\">{\"@context\":\"https:\/\/schema.org\",\"@graph\":[{\"@type\":\"WebPage\",\"@id\":\"https:\/\/www.jepvenezuela.com\/museo-de-la-memoria-y-la-represion\/sala-2014-2015\/\",\"url\":\"https:\/\/www.jepvenezuela.com\/museo-de-la-memoria-y-la-represion\/sala-2014-2015\/\",\"name\":\"Sala 2014-2015 - Museo de la Memoria y la Represi\u00f3n - JEP Venezuela\",\"isPartOf\":{\"@id\":\"https:\/\/www.jepvenezuela.com\/museo-de-la-memoria-y-la-represion\/#website\"},\"primaryImageOfPage\":{\"@id\":\"https:\/\/www.jepvenezuela.com\/museo-de-la-memoria-y-la-represion\/sala-2014-2015\/#primaryimage\"},\"image\":{\"@id\":\"https:\/\/www.jepvenezuela.com\/museo-de-la-memoria-y-la-represion\/sala-2014-2015\/#primaryimage\"},\"thumbnailUrl\":\"https:\/\/www.jepvenezuela.com\/museo-de-la-memoria-y-la-represion\/wp-content\/uploads\/sites\/2\/2020\/12\/banner-sala-2014-2015.jpg\",\"datePublished\":\"2020-11-24T13:06:39+00:00\",\"dateModified\":\"2020-12-11T15:10:31+00:00\",\"breadcrumb\":{\"@id\":\"https:\/\/www.jepvenezuela.com\/museo-de-la-memoria-y-la-represion\/sala-2014-2015\/#breadcrumb\"},\"inLanguage\":\"es\",\"potentialAction\":[{\"@type\":\"ReadAction\",\"target\":[\"https:\/\/www.jepvenezuela.com\/museo-de-la-memoria-y-la-represion\/sala-2014-2015\/\"]}]},{\"@type\":\"ImageObject\",\"inLanguage\":\"es\",\"@id\":\"https:\/\/www.jepvenezuela.com\/museo-de-la-memoria-y-la-represion\/sala-2014-2015\/#primaryimage\",\"url\":\"https:\/\/www.jepvenezuela.com\/museo-de-la-memoria-y-la-represion\/wp-content\/uploads\/sites\/2\/2020\/12\/banner-sala-2014-2015.jpg\",\"contentUrl\":\"https:\/\/www.jepvenezuela.com\/museo-de-la-memoria-y-la-represion\/wp-content\/uploads\/sites\/2\/2020\/12\/banner-sala-2014-2015.jpg\",\"width\":1920,\"height\":1080},{\"@type\":\"BreadcrumbList\",\"@id\":\"https:\/\/www.jepvenezuela.com\/museo-de-la-memoria-y-la-represion\/sala-2014-2015\/#breadcrumb\",\"itemListElement\":[{\"@type\":\"ListItem\",\"position\":1,\"name\":\"Portada\",\"item\":\"https:\/\/www.jepvenezuela.com\/museo-de-la-memoria-y-la-represion\/\"},{\"@type\":\"ListItem\",\"position\":2,\"name\":\"Sala 2014-2015\"}]},{\"@type\":\"WebSite\",\"@id\":\"https:\/\/www.jepvenezuela.com\/museo-de-la-memoria-y-la-represion\/#website\",\"url\":\"https:\/\/www.jepvenezuela.com\/museo-de-la-memoria-y-la-represion\/\",\"name\":\"Museo de la Memoria y la Represi\u00f3n - JEP Venezuela\",\"description\":\"Un espacio dedicado a honrar la memoria de los venezolanos que fueron asesinados en el contexto de las manifestaciones pac\u00edficas desde el a\u00f1o 2014 hasta la actualidad\",\"potentialAction\":[{\"@type\":\"SearchAction\",\"target\":{\"@type\":\"EntryPoint\",\"urlTemplate\":\"https:\/\/www.jepvenezuela.com\/museo-de-la-memoria-y-la-represion\/?s={search_term_string}\"},\"query-input\":{\"@type\":\"PropertyValueSpecification\",\"valueRequired\":true,\"valueName\":\"search_term_string\"}}],\"inLanguage\":\"es\"}]}<\/script>\n<!-- \/ Yoast SEO plugin. -->","yoast_head_json":{"title":"Sala 2014-2015 - Museo de la Memoria y la Represi\u00f3n - JEP Venezuela","robots":{"index":"index","follow":"follow","max-snippet":"max-snippet:-1","max-image-preview":"max-image-preview:large","max-video-preview":"max-video-preview:-1"},"canonical":"https:\/\/www.jepvenezuela.com\/museo-de-la-memoria-y-la-represion\/sala-2014-2015\/","og_locale":"es_ES","og_type":"article","og_title":"Sala 2014-2015 - Museo de la Memoria y la Represi\u00f3n - JEP Venezuela","og_description":"Recordamos a las v\u00edctimas de la represi\u00f3n de este a\u00f1o y el contexto de las manifestaciones","og_url":"https:\/\/www.jepvenezuela.com\/museo-de-la-memoria-y-la-represion\/sala-2014-2015\/","og_site_name":"Museo de la Memoria y la Represi\u00f3n - JEP Venezuela","article_publisher":"https:\/\/www.facebook.com\/JEPVenezuela","article_modified_time":"2020-12-11T15:10:31+00:00","og_image":[{"width":1920,"height":1080,"url":"https:\/\/www.jepvenezuela.com\/museo-de-la-memoria-y-la-represion\/wp-content\/uploads\/sites\/2\/2020\/12\/banner-sala-2014-2015.jpg","type":"image\/jpeg"}],"twitter_card":"summary_large_image","twitter_site":"@JEPvzla","twitter_misc":{"Tiempo de lectura":"1 minuto"},"schema":{"@context":"https:\/\/schema.org","@graph":[{"@type":"WebPage","@id":"https:\/\/www.jepvenezuela.com\/museo-de-la-memoria-y-la-represion\/sala-2014-2015\/","url":"https:\/\/www.jepvenezuela.com\/museo-de-la-memoria-y-la-represion\/sala-2014-2015\/","name":"Sala 2014-2015 - Museo de la Memoria y la Represi\u00f3n - JEP Venezuela","isPartOf":{"@id":"https:\/\/www.jepvenezuela.com\/museo-de-la-memoria-y-la-represion\/#website"},"primaryImageOfPage":{"@id":"https:\/\/www.jepvenezuela.com\/museo-de-la-memoria-y-la-represion\/sala-2014-2015\/#primaryimage"},"image":{"@id":"https:\/\/www.jepvenezuela.com\/museo-de-la-memoria-y-la-represion\/sala-2014-2015\/#primaryimage"},"thumbnailUrl":"https:\/\/www.jepvenezuela.com\/museo-de-la-memoria-y-la-represion\/wp-content\/uploads\/sites\/2\/2020\/12\/banner-sala-2014-2015.jpg","datePublished":"2020-11-24T13:06:39+00:00","dateModified":"2020-12-11T15:10:31+00:00","breadcrumb":{"@id":"https:\/\/www.jepvenezuela.com\/museo-de-la-memoria-y-la-represion\/sala-2014-2015\/#breadcrumb"},"inLanguage":"es","potentialAction":[{"@type":"ReadAction","target":["https:\/\/www.jepvenezuela.com\/museo-de-la-memoria-y-la-represion\/sala-2014-2015\/"]}]},{"@type":"ImageObject","inLanguage":"es","@id":"https:\/\/www.jepvenezuela.com\/museo-de-la-memoria-y-la-represion\/sala-2014-2015\/#primaryimage","url":"https:\/\/www.jepvenezuela.com\/museo-de-la-memoria-y-la-represion\/wp-content\/uploads\/sites\/2\/2020\/12\/banner-sala-2014-2015.jpg","contentUrl":"https:\/\/www.jepvenezuela.com\/museo-de-la-memoria-y-la-represion\/wp-content\/uploads\/sites\/2\/2020\/12\/banner-sala-2014-2015.jpg","width":1920,"height":1080},{"@type":"BreadcrumbList","@id":"https:\/\/www.jepvenezuela.com\/museo-de-la-memoria-y-la-represion\/sala-2014-2015\/#breadcrumb","itemListElement":[{"@type":"ListItem","position":1,"name":"Portada","item":"https:\/\/www.jepvenezuela.com\/museo-de-la-memoria-y-la-represion\/"},{"@type":"ListItem","position":2,"name":"Sala 2014-2015"}]},{"@type":"WebSite","@id":"https:\/\/www.jepvenezuela.com\/museo-de-la-memoria-y-la-represion\/#website","url":"https:\/\/www.jepvenezuela.com\/museo-de-la-memoria-y-la-represion\/","name":"Museo de la Memoria y la Represi\u00f3n - JEP Venezuela","description":"Un espacio dedicado a honrar la memoria de los venezolanos que fueron asesinados en el contexto de las manifestaciones pac\u00edficas desde el a\u00f1o 2014 hasta la actualidad","potentialAction":[{"@type":"SearchAction","target":{"@type":"EntryPoint","urlTemplate":"https:\/\/www.jepvenezuela.com\/museo-de-la-memoria-y-la-represion\/?s={search_term_string}"},"query-input":{"@type":"PropertyValueSpecification","valueRequired":true,"valueName":"search_term_string"}}],"inLanguage":"es"}]}},"_links":{"self":[{"href":"https:\/\/www.jepvenezuela.com\/museo-de-la-memoria-y-la-represion\/wp-json\/wp\/v2\/pages\/17","targetHints":{"allow":["GET"]}}],"collection":[{"href":"https:\/\/www.jepvenezuela.com\/museo-de-la-memoria-y-la-represion\/wp-json\/wp\/v2\/pages"}],"about":[{"href":"https:\/\/www.jepvenezuela.com\/museo-de-la-memoria-y-la-represion\/wp-json\/wp\/v2\/types\/page"}],"author":[{"embeddable":true,"href":"https:\/\/www.jepvenezuela.com\/museo-de-la-memoria-y-la-represion\/wp-json\/wp\/v2\/users\/2"}],"replies":[{"embeddable":true,"href":"https:\/\/www.jepvenezuela.com\/museo-de-la-memoria-y-la-represion\/wp-json\/wp\/v2\/comments?post=17"}],"version-history":[{"count":0,"href":"https:\/\/www.jepvenezuela.com\/museo-de-la-memoria-y-la-represion\/wp-json\/wp\/v2\/pages\/17\/revisions"}],"wp:featuredmedia":[{"embeddable":true,"href":"https:\/\/www.jepvenezuela.com\/museo-de-la-memoria-y-la-represion\/wp-json\/wp\/v2\/media\/317"}],"wp:attachment":[{"href":"https:\/\/www.jepvenezuela.com\/museo-de-la-memoria-y-la-represion\/wp-json\/wp\/v2\/media?parent=17"}],"wp:term":[{"taxonomy":"post_tag","embeddable":true,"href":"https:\/\/www.jepvenezuela.com\/museo-de-la-memoria-y-la-represion\/wp-json\/wp\/v2\/tags?post=17"}],"curies":[{"name":"wp","href":"https:\/\/api.w.org\/{rel}","templated":true}]}}