{"id":23,"date":"2020-11-24T13:10:24","date_gmt":"2020-11-24T13:10:24","guid":{"rendered":"https:\/\/test.jepvenezuela.com\/museo-de-la-memoria-y-la-represion\/?page_id=23"},"modified":"2020-12-11T15:10:57","modified_gmt":"2020-12-11T15:10:57","slug":"victimas-de-la-persecucion","status":"publish","type":"page","link":"https:\/\/www.jepvenezuela.com\/museo-de-la-memoria-y-la-represion\/victimas-de-la-persecucion\/","title":{"rendered":"V\u00edctimas de la persecuci\u00f3n"},"content":{"rendered":"\n<h5>La existencia de pr\u00e1cticas reiteradas y sistem\u00e1ticas de&nbsp; persecuci\u00f3n a la disidencia pol\u00edtica por parte del r\u00e9gimen venezolano, violenta los derechos civiles y pol\u00edticos consagrados en la Constituci\u00f3n Nacional, el Pacto Internacional de Derechos Civiles y Pol\u00edticos (PIDCP), la Convenci\u00f3n Americana sobre Derechos Humanos (CADH) al igual que principios y est\u00e1ndares internacionales referentes al debido proceso, las libertades fundamentales de manifestaci\u00f3n y opini\u00f3n, la no discriminaci\u00f3n y el derecho a la igualdad, la participaci\u00f3n pol\u00edtica y el respeto a la integridad f\u00edsica del individuo, entre otros.<\/h5>\n\n\n\n<div style=\"height:100px\" aria-hidden=\"true\" class=\"wp-block-spacer\"><\/div>\n\n\n\n<h5>Estos planes autoritarios que comenzaron a instrumentarse en nuestro pa\u00eds a partir de 1999, se profundizaron en 2014 al calor de las multitudinarias manifestaciones pac\u00edficas y el surgimiento de nuevos l\u00edderes pol\u00edticos disidentes que pusieron en jaque a la clase pol\u00edtica gobernante, estableci\u00e9ndose a partir de ese momento un patr\u00f3n de represi\u00f3n pol\u00edtica evidenciado en la apertura de procedimientos judiciales, persecuci\u00f3n a trav\u00e9s de medios de comunicaci\u00f3n, destituci\u00f3n de cargos p\u00fablicos a pol\u00edticos disidentes, allanamientos irregulares a la propiedad privada, allanamiento a la inmunidad parlamentaria, inhabilitaci\u00f3n pol\u00edtica, usurpaci\u00f3n de las funciones p\u00fablicas, represi\u00f3n policial, detenciones arbitrarias, desapariciones forzadas y aquiescencias de actos violentos en contra de la disidencia, entre otros actos violatorios a los derechos humanos.<\/h5>\n\n\n\n<div style=\"height:100px\" aria-hidden=\"true\" class=\"wp-block-spacer\"><\/div>\n\n\n\n<h5>M\u00e1s reciente, los venezolanos y la comunidad internacional han sido testigos de la continuaci\u00f3n y profundizaci\u00f3n de las pol\u00edticas para aniquilar toda forma de disidencia a los ideales del r\u00e9gimen, tras la agudizaci\u00f3n de la Emergencia Humanitaria Compleja. &nbsp;&nbsp;&nbsp;&nbsp;&nbsp;&nbsp;&nbsp;&nbsp;&nbsp;<\/h5>\n\n\n\n<div style=\"height:100px\" aria-hidden=\"true\" class=\"wp-block-spacer\"><\/div>\n\n\n\n<h5><strong>Datos propios de la organizaci\u00f3n se\u00f1alan que de 331 muertes que se contabilizan desde 2014 -como consecuencia del patr\u00f3n de represi\u00f3n descrito-, 241 casos se mantienen en fase de investigaci\u00f3n, lo que demuestra que la regresi\u00f3n de derechos que sufren las v\u00edctimas, no s\u00f3lo se constituye en el asesinato o detenci\u00f3n arbitraria, como hecho en s\u00ed, sino tambi\u00e9n en la posteridad del hecho que est\u00e1 cubierto por la impunidad cuya promoci\u00f3n proviene de las instituciones del sistema de justicia en el pa\u00eds.&nbsp;&nbsp;&nbsp;&nbsp;&nbsp;&nbsp;&nbsp;&nbsp;&nbsp;&nbsp;&nbsp;&nbsp;&nbsp;&nbsp;&nbsp;&nbsp;&nbsp;&nbsp;&nbsp;&nbsp;&nbsp;&nbsp;&nbsp;&nbsp;&nbsp;&nbsp;&nbsp;&nbsp;&nbsp;&nbsp;&nbsp;&nbsp;&nbsp;&nbsp;&nbsp;&nbsp;&nbsp;&nbsp;&nbsp;&nbsp;&nbsp;&nbsp;&nbsp;&nbsp;&nbsp;&nbsp;&nbsp;&nbsp;&nbsp;&nbsp;&nbsp;&nbsp;&nbsp;&nbsp;&nbsp;&nbsp;&nbsp;&nbsp;&nbsp;&nbsp;&nbsp;&nbsp;&nbsp;&nbsp;&nbsp;&nbsp;&nbsp;&nbsp;&nbsp;&nbsp;&nbsp;&nbsp;&nbsp;&nbsp;&nbsp;&nbsp;&nbsp;&nbsp;&nbsp;&nbsp;&nbsp;&nbsp;&nbsp;&nbsp;&nbsp;&nbsp;&nbsp;<\/strong><\/h5>\n<blockquote>\n<h5>En cuanto a los presos pol\u00edticos, de 333 detenidos a la presente fecha, al menos el 36% reporta haber sido v\u00edctima de torturas f\u00edsicas y psicol\u00f3gicas y el 39% de tratos crueles, inhumanos o degradantes, e incluso violencia sexual, ya sea para obtener confesiones o como castigo.<\/h5>\n<\/blockquote>\n\n\n\n<div style=\"height:100px\" aria-hidden=\"true\" class=\"wp-block-spacer\"><\/div>\n\n\n\n<h5>Al acoso &nbsp;pol\u00edtico, hostigamiento medi\u00e1tico y el consentimiento de los actos violentos en contra de sus \u201cenemigos pol\u00edticos\u201d, la clase represora gobernante sum\u00f3 en los \u00faltimos a\u00f1os una nueva pr\u00e1ctica autoritaria: la politizaci\u00f3n de la labor de los defensores y ONG de derechos humanos, comunicadores y delegaciones internacionales, concluyendo que el Estado venezolano no ha cesado en la ejecuci\u00f3n&nbsp; sistem\u00e1tica de los patrones de persecuci\u00f3n antes se\u00f1alados.<\/h5>\n<h3>Con base a estas breves consideraciones, esta sala pretende visibilizar y aportar a la documentaci\u00f3n de violaciones de derechos humanos, especialmente civiles y pol\u00edticos, elementos que sumen a la memoria colectiva, b\u00fasqueda de justicia expedita e intercambio de ideas que enriquezcan las discusiones en torno al tema y, por supuesto, que sea incidencia en el derecho a la justicia de las v\u00edctimas.<\/h3>\n\n\n<div class=\"listados\"><h2 class=\"listtitu\"> Lista de V\u00edctimas<\/h2><ul class=\"listgrup\"><li><a href=\"https:\/\/www.jepvenezuela.com\/museo-de-la-memoria-y-la-represion\/caidos\/abraham-israel-agostini-agostini\/\">Abraham Israel  Agostini Agostini<\/a><\/li><li><a href=\"https:\/\/www.jepvenezuela.com\/museo-de-la-memoria-y-la-represion\/caidos\/abraham-lugo-ramos\/\">Abraham Lugo Ramos<\/a><\/li><li><a href=\"https:\/\/www.jepvenezuela.com\/museo-de-la-memoria-y-la-represion\/caidos\/carlos-andres-garcia\/\">Carlos Andr\u00e9s Garc\u00eda<\/a><\/li><li><a href=\"https:\/\/www.jepvenezuela.com\/museo-de-la-memoria-y-la-represion\/caidos\/daniel-enrique-soto-perez\/\">Daniel Enrique Soto P\u00e9rez<\/a><\/li><li><a href=\"https:\/\/www.jepvenezuela.com\/museo-de-la-memoria-y-la-represion\/caidos\/eduardo-luis-ramos\/\">Eduardo Luis Ramos<\/a><\/li><li><a href=\"https:\/\/www.jepvenezuela.com\/museo-de-la-memoria-y-la-represion\/caidos\/elwin-mendez\/\">Elwin Mendoza<\/a><\/li><li><a href=\"https:\/\/www.jepvenezuela.com\/museo-de-la-memoria-y-la-represion\/caidos\/fernando-alban\/\">Fernando Alb\u00e1n<\/a><\/li><li><a href=\"https:\/\/www.jepvenezuela.com\/museo-de-la-memoria-y-la-represion\/caidos\/jairo-lugo-ramos\/\">Jairo Lugo Ramos<\/a><\/li><li><a href=\"https:\/\/www.jepvenezuela.com\/museo-de-la-memoria-y-la-represion\/caidos\/jose-alejandro-diaz-pimentel\/\">Jos\u00e9 Alejandro D\u00edaz Pimentel<\/a><\/li><li><a href=\"https:\/\/www.jepvenezuela.com\/museo-de-la-memoria-y-la-represion\/caidos\/jose-alfredo-torres-cortez\/\">Jos\u00e9 Alfredo Torres Cortez<\/a><\/li><li><a href=\"https:\/\/www.jepvenezuela.com\/museo-de-la-memoria-y-la-represion\/caidos\/lisbeth-andreina-ramirez-mantilla\/\">Lisbeth Andreina Ram\u00edrez Mantilla<\/a><\/li><li><a href=\"https:\/\/www.jepvenezuela.com\/museo-de-la-memoria-y-la-represion\/caidos\/luis-enrique-ramos\/\">Luis Enrique Ramos<\/a><\/li><li><a href=\"https:\/\/www.jepvenezuela.com\/museo-de-la-memoria-y-la-represion\/caidos\/modesto-diaz\/\">Modesto D\u00edaz<\/a><\/li><li><a href=\"https:\/\/www.jepvenezuela.com\/museo-de-la-memoria-y-la-represion\/caidos\/nelson-martinez\/\">Nelson Mart\u00ednez<\/a><\/li><li><a href=\"https:\/\/www.jepvenezuela.com\/museo-de-la-memoria-y-la-represion\/caidos\/oscar-perez\/\">Oscar P\u00e9rez<\/a><\/li><li><a href=\"https:\/\/www.jepvenezuela.com\/museo-de-la-memoria-y-la-represion\/caidos\/rafael-acosta-arevalo\/\">Rafael Acosta Ar\u00e9valo<\/a><\/li><li><a href=\"https:\/\/www.jepvenezuela.com\/museo-de-la-memoria-y-la-represion\/caidos\/raul-isaias-baduel\/\">Ra\u00fal Isa\u00edas Baduel<\/a><\/li><li><a href=\"https:\/\/www.jepvenezuela.com\/museo-de-la-memoria-y-la-represion\/caidos\/rodolfo-pedro-gonzalez\/\">Rodolfo Pedro Gonz\u00e1lez<\/a><\/li><li><a href=\"https:\/\/www.jepvenezuela.com\/museo-de-la-memoria-y-la-represion\/caidos\/virgilio-jimenez\/\">Virgilio Jim\u00e9nez<\/a><\/li><li><a href=\"https:\/\/www.jepvenezuela.com\/museo-de-la-memoria-y-la-represion\/caidos\/wilfredo-jose-heredia-rodriguez\/\">Wilfredo Jos\u00e9 Heredia Rodr\u00edguez<\/a><\/li><\/ul><\/div>\n","protected":false},"excerpt":{"rendered":"<p>Espacio para recordar a las v\u00edctimas de persecuci\u00f3n pol\u00edtica en Venezuela <\/p>\n","protected":false},"author":2,"featured_media":375,"parent":0,"menu_order":0,"comment_status":"closed","ping_status":"closed","template":"","meta":{"_acf_changed":false,"footnotes":""},"tags":[],"class_list":["post-23","page","type-page","status-publish","has-post-thumbnail","hentry"],"acf":[],"yoast_head":"<!-- This site is optimized with the Yoast SEO plugin v26.7 - https:\/\/yoast.com\/wordpress\/plugins\/seo\/ -->\n<title>V\u00edctimas de la persecuci\u00f3n - Museo de la Memoria y la Represi\u00f3n - JEP Venezuela<\/title>\n<meta name=\"robots\" content=\"index, follow, max-snippet:-1, max-image-preview:large, max-video-preview:-1\" \/>\n<link rel=\"canonical\" href=\"https:\/\/www.jepvenezuela.com\/museo-de-la-memoria-y-la-represion\/victimas-de-la-persecucion\/\" \/>\n<meta property=\"og:locale\" content=\"es_ES\" \/>\n<meta property=\"og:type\" content=\"article\" \/>\n<meta property=\"og:title\" content=\"V\u00edctimas de la persecuci\u00f3n - Museo de la Memoria y la Represi\u00f3n - JEP Venezuela\" \/>\n<meta property=\"og:description\" content=\"Espacio para recordar a las v\u00edctimas de persecuci\u00f3n pol\u00edtica en Venezuela\" \/>\n<meta property=\"og:url\" content=\"https:\/\/www.jepvenezuela.com\/museo-de-la-memoria-y-la-represion\/victimas-de-la-persecucion\/\" \/>\n<meta property=\"og:site_name\" content=\"Museo de la Memoria y la Represi\u00f3n - JEP Venezuela\" \/>\n<meta property=\"article:publisher\" content=\"https:\/\/www.facebook.com\/JEPVenezuela\" \/>\n<meta property=\"article:modified_time\" content=\"2020-12-11T15:10:57+00:00\" \/>\n<meta property=\"og:image\" content=\"https:\/\/www.jepvenezuela.com\/museo-de-la-memoria-y-la-represion\/wp-content\/uploads\/sites\/2\/2020\/12\/banner-sala-victimas-1.jpg\" \/>\n\t<meta property=\"og:image:width\" content=\"1920\" \/>\n\t<meta property=\"og:image:height\" content=\"1080\" \/>\n\t<meta property=\"og:image:type\" content=\"image\/jpeg\" \/>\n<meta name=\"twitter:card\" content=\"summary_large_image\" \/>\n<meta name=\"twitter:site\" content=\"@JEPvzla\" \/>\n<meta name=\"twitter:label1\" content=\"Tiempo de lectura\" \/>\n\t<meta name=\"twitter:data1\" content=\"3 minutos\" \/>\n<script type=\"application\/ld+json\" class=\"yoast-schema-graph\">{\"@context\":\"https:\/\/schema.org\",\"@graph\":[{\"@type\":\"WebPage\",\"@id\":\"https:\/\/www.jepvenezuela.com\/museo-de-la-memoria-y-la-represion\/victimas-de-la-persecucion\/\",\"url\":\"https:\/\/www.jepvenezuela.com\/museo-de-la-memoria-y-la-represion\/victimas-de-la-persecucion\/\",\"name\":\"V\u00edctimas de la persecuci\u00f3n - Museo de la Memoria y la Represi\u00f3n - JEP Venezuela\",\"isPartOf\":{\"@id\":\"https:\/\/www.jepvenezuela.com\/museo-de-la-memoria-y-la-represion\/#website\"},\"primaryImageOfPage\":{\"@id\":\"https:\/\/www.jepvenezuela.com\/museo-de-la-memoria-y-la-represion\/victimas-de-la-persecucion\/#primaryimage\"},\"image\":{\"@id\":\"https:\/\/www.jepvenezuela.com\/museo-de-la-memoria-y-la-represion\/victimas-de-la-persecucion\/#primaryimage\"},\"thumbnailUrl\":\"https:\/\/www.jepvenezuela.com\/museo-de-la-memoria-y-la-represion\/wp-content\/uploads\/sites\/2\/2020\/12\/banner-sala-victimas-1.jpg\",\"datePublished\":\"2020-11-24T13:10:24+00:00\",\"dateModified\":\"2020-12-11T15:10:57+00:00\",\"breadcrumb\":{\"@id\":\"https:\/\/www.jepvenezuela.com\/museo-de-la-memoria-y-la-represion\/victimas-de-la-persecucion\/#breadcrumb\"},\"inLanguage\":\"es\",\"potentialAction\":[{\"@type\":\"ReadAction\",\"target\":[\"https:\/\/www.jepvenezuela.com\/museo-de-la-memoria-y-la-represion\/victimas-de-la-persecucion\/\"]}]},{\"@type\":\"ImageObject\",\"inLanguage\":\"es\",\"@id\":\"https:\/\/www.jepvenezuela.com\/museo-de-la-memoria-y-la-represion\/victimas-de-la-persecucion\/#primaryimage\",\"url\":\"https:\/\/www.jepvenezuela.com\/museo-de-la-memoria-y-la-represion\/wp-content\/uploads\/sites\/2\/2020\/12\/banner-sala-victimas-1.jpg\",\"contentUrl\":\"https:\/\/www.jepvenezuela.com\/museo-de-la-memoria-y-la-represion\/wp-content\/uploads\/sites\/2\/2020\/12\/banner-sala-victimas-1.jpg\",\"width\":1920,\"height\":1080},{\"@type\":\"BreadcrumbList\",\"@id\":\"https:\/\/www.jepvenezuela.com\/museo-de-la-memoria-y-la-represion\/victimas-de-la-persecucion\/#breadcrumb\",\"itemListElement\":[{\"@type\":\"ListItem\",\"position\":1,\"name\":\"Portada\",\"item\":\"https:\/\/www.jepvenezuela.com\/museo-de-la-memoria-y-la-represion\/\"},{\"@type\":\"ListItem\",\"position\":2,\"name\":\"V\u00edctimas de la persecuci\u00f3n\"}]},{\"@type\":\"WebSite\",\"@id\":\"https:\/\/www.jepvenezuela.com\/museo-de-la-memoria-y-la-represion\/#website\",\"url\":\"https:\/\/www.jepvenezuela.com\/museo-de-la-memoria-y-la-represion\/\",\"name\":\"Museo de la Memoria y la Represi\u00f3n - JEP Venezuela\",\"description\":\"Un espacio dedicado a honrar la memoria de los venezolanos que fueron asesinados en el contexto de las manifestaciones pac\u00edficas desde el a\u00f1o 2014 hasta la actualidad\",\"potentialAction\":[{\"@type\":\"SearchAction\",\"target\":{\"@type\":\"EntryPoint\",\"urlTemplate\":\"https:\/\/www.jepvenezuela.com\/museo-de-la-memoria-y-la-represion\/?s={search_term_string}\"},\"query-input\":{\"@type\":\"PropertyValueSpecification\",\"valueRequired\":true,\"valueName\":\"search_term_string\"}}],\"inLanguage\":\"es\"}]}<\/script>\n<!-- \/ Yoast SEO plugin. -->","yoast_head_json":{"title":"V\u00edctimas de la persecuci\u00f3n - Museo de la Memoria y la Represi\u00f3n - JEP Venezuela","robots":{"index":"index","follow":"follow","max-snippet":"max-snippet:-1","max-image-preview":"max-image-preview:large","max-video-preview":"max-video-preview:-1"},"canonical":"https:\/\/www.jepvenezuela.com\/museo-de-la-memoria-y-la-represion\/victimas-de-la-persecucion\/","og_locale":"es_ES","og_type":"article","og_title":"V\u00edctimas de la persecuci\u00f3n - Museo de la Memoria y la Represi\u00f3n - JEP Venezuela","og_description":"Espacio para recordar a las v\u00edctimas de persecuci\u00f3n pol\u00edtica en Venezuela","og_url":"https:\/\/www.jepvenezuela.com\/museo-de-la-memoria-y-la-represion\/victimas-de-la-persecucion\/","og_site_name":"Museo de la Memoria y la Represi\u00f3n - JEP Venezuela","article_publisher":"https:\/\/www.facebook.com\/JEPVenezuela","article_modified_time":"2020-12-11T15:10:57+00:00","og_image":[{"width":1920,"height":1080,"url":"https:\/\/www.jepvenezuela.com\/museo-de-la-memoria-y-la-represion\/wp-content\/uploads\/sites\/2\/2020\/12\/banner-sala-victimas-1.jpg","type":"image\/jpeg"}],"twitter_card":"summary_large_image","twitter_site":"@JEPvzla","twitter_misc":{"Tiempo de lectura":"3 minutos"},"schema":{"@context":"https:\/\/schema.org","@graph":[{"@type":"WebPage","@id":"https:\/\/www.jepvenezuela.com\/museo-de-la-memoria-y-la-represion\/victimas-de-la-persecucion\/","url":"https:\/\/www.jepvenezuela.com\/museo-de-la-memoria-y-la-represion\/victimas-de-la-persecucion\/","name":"V\u00edctimas de la persecuci\u00f3n - Museo de la Memoria y la Represi\u00f3n - JEP Venezuela","isPartOf":{"@id":"https:\/\/www.jepvenezuela.com\/museo-de-la-memoria-y-la-represion\/#website"},"primaryImageOfPage":{"@id":"https:\/\/www.jepvenezuela.com\/museo-de-la-memoria-y-la-represion\/victimas-de-la-persecucion\/#primaryimage"},"image":{"@id":"https:\/\/www.jepvenezuela.com\/museo-de-la-memoria-y-la-represion\/victimas-de-la-persecucion\/#primaryimage"},"thumbnailUrl":"https:\/\/www.jepvenezuela.com\/museo-de-la-memoria-y-la-represion\/wp-content\/uploads\/sites\/2\/2020\/12\/banner-sala-victimas-1.jpg","datePublished":"2020-11-24T13:10:24+00:00","dateModified":"2020-12-11T15:10:57+00:00","breadcrumb":{"@id":"https:\/\/www.jepvenezuela.com\/museo-de-la-memoria-y-la-represion\/victimas-de-la-persecucion\/#breadcrumb"},"inLanguage":"es","potentialAction":[{"@type":"ReadAction","target":["https:\/\/www.jepvenezuela.com\/museo-de-la-memoria-y-la-represion\/victimas-de-la-persecucion\/"]}]},{"@type":"ImageObject","inLanguage":"es","@id":"https:\/\/www.jepvenezuela.com\/museo-de-la-memoria-y-la-represion\/victimas-de-la-persecucion\/#primaryimage","url":"https:\/\/www.jepvenezuela.com\/museo-de-la-memoria-y-la-represion\/wp-content\/uploads\/sites\/2\/2020\/12\/banner-sala-victimas-1.jpg","contentUrl":"https:\/\/www.jepvenezuela.com\/museo-de-la-memoria-y-la-represion\/wp-content\/uploads\/sites\/2\/2020\/12\/banner-sala-victimas-1.jpg","width":1920,"height":1080},{"@type":"BreadcrumbList","@id":"https:\/\/www.jepvenezuela.com\/museo-de-la-memoria-y-la-represion\/victimas-de-la-persecucion\/#breadcrumb","itemListElement":[{"@type":"ListItem","position":1,"name":"Portada","item":"https:\/\/www.jepvenezuela.com\/museo-de-la-memoria-y-la-represion\/"},{"@type":"ListItem","position":2,"name":"V\u00edctimas de la persecuci\u00f3n"}]},{"@type":"WebSite","@id":"https:\/\/www.jepvenezuela.com\/museo-de-la-memoria-y-la-represion\/#website","url":"https:\/\/www.jepvenezuela.com\/museo-de-la-memoria-y-la-represion\/","name":"Museo de la Memoria y la Represi\u00f3n - JEP Venezuela","description":"Un espacio dedicado a honrar la memoria de los venezolanos que fueron asesinados en el contexto de las manifestaciones pac\u00edficas desde el a\u00f1o 2014 hasta la actualidad","potentialAction":[{"@type":"SearchAction","target":{"@type":"EntryPoint","urlTemplate":"https:\/\/www.jepvenezuela.com\/museo-de-la-memoria-y-la-represion\/?s={search_term_string}"},"query-input":{"@type":"PropertyValueSpecification","valueRequired":true,"valueName":"search_term_string"}}],"inLanguage":"es"}]}},"_links":{"self":[{"href":"https:\/\/www.jepvenezuela.com\/museo-de-la-memoria-y-la-represion\/wp-json\/wp\/v2\/pages\/23","targetHints":{"allow":["GET"]}}],"collection":[{"href":"https:\/\/www.jepvenezuela.com\/museo-de-la-memoria-y-la-represion\/wp-json\/wp\/v2\/pages"}],"about":[{"href":"https:\/\/www.jepvenezuela.com\/museo-de-la-memoria-y-la-represion\/wp-json\/wp\/v2\/types\/page"}],"author":[{"embeddable":true,"href":"https:\/\/www.jepvenezuela.com\/museo-de-la-memoria-y-la-represion\/wp-json\/wp\/v2\/users\/2"}],"replies":[{"embeddable":true,"href":"https:\/\/www.jepvenezuela.com\/museo-de-la-memoria-y-la-represion\/wp-json\/wp\/v2\/comments?post=23"}],"version-history":[{"count":0,"href":"https:\/\/www.jepvenezuela.com\/museo-de-la-memoria-y-la-represion\/wp-json\/wp\/v2\/pages\/23\/revisions"}],"wp:featuredmedia":[{"embeddable":true,"href":"https:\/\/www.jepvenezuela.com\/museo-de-la-memoria-y-la-represion\/wp-json\/wp\/v2\/media\/375"}],"wp:attachment":[{"href":"https:\/\/www.jepvenezuela.com\/museo-de-la-memoria-y-la-represion\/wp-json\/wp\/v2\/media?parent=23"}],"wp:term":[{"taxonomy":"post_tag","embeddable":true,"href":"https:\/\/www.jepvenezuela.com\/museo-de-la-memoria-y-la-represion\/wp-json\/wp\/v2\/tags?post=23"}],"curies":[{"name":"wp","href":"https:\/\/api.w.org\/{rel}","templated":true}]}}